{"id":13173,"date":"2026-02-19T10:59:13","date_gmt":"2026-02-19T09:59:13","guid":{"rendered":"https:\/\/www.groupe-jja.com\/?page_id=13173"},"modified":"2026-03-19T23:09:21","modified_gmt":"2026-03-19T22:09:21","slug":"accesibilidad_declaracion","status":"publish","type":"page","link":"https:\/\/www.groupe-jja.com\/es\/accesibilidad_declaracion\/","title":{"rendered":"Accesibilidad: Parcialmente conforme"},"content":{"rendered":"<div data-elementor-type=\"wp-page\" data-elementor-id=\"13173\" class=\"elementor elementor-13173\">\n\t\t\t\t<div class=\"elementor-element elementor-element-2434bfc container-style-centered-container e-con-full container-space container-space-bottom container-margin-space  container-margin-space-default background-default e-flex e-con e-parent\" data-id=\"2434bfc\" data-element_type=\"container\">\n\t\t\t\t<div class=\"elementor-element elementor-element-8fb6e5b elementor-widget elementor-widget-text-editor\" data-id=\"8fb6e5b\" data-element_type=\"widget\" data-widget_type=\"text-editor.default\">\n\t\t\t\t<div class=\"elementor-widget-container\">\n\t\t\t\t\t\t\t\t\t<h1>Declaraci\u00f3n de accesibilidad<\/h1>\n<p>La presente declaraci\u00f3n ha sido redactada el 16\/03\/2026 para el sitio <a href=\"https:\/\/www.groupe-jja.com\/es\/\">www.groupe-jja.com.<\/a><\/p>\n<p>Es v\u00e1lida desde el momento de su publicaci\u00f3n y debe actualizarse al cabo de 3 a\u00f1os, tras modificaciones importantes del sitio, o 18 meses despu\u00e9s de una nueva versi\u00f3n de la norma.<\/p>\n<p>\u00a0<\/p>\n<h2>El Grupo JJA se compromete<\/h2>\n<p>Groupe JJA se compromete a hacer accesibles sus sitios de Internet, aplicaciones m\u00f3viles, intranet, extranet y paquetes de software de conformidad con el art\u00edculo 47 de la ley n\u00ba 2005-102 de 11 de febrero de 2005.<\/p>\n<p>Valoramos la inclusi\u00f3n y la diversidad, y nos aseguramos de que nuestros : <a href=\"https:\/\/www.groupe-jja.com\/es\/\">www.groupe-jja.com<\/a> sea accesible para todos, incluidas las personas con discapacidad.<\/p>\n<p>En el marco de esta iniciativa de accesibilidad digital, colaboramos con <a href=\"https:\/\/www.accessiway.fr\/\" target=\"_blank\" rel=\"noopener\">Acceso<\/a>.<\/p>\n<p>Estamos firmemente comprometidos con una web para todos. Como parte de nuestra visi\u00f3n responsable a largo plazo, pretendemos cumplir plenamente los requisitos normativos, en particular la <a href=\"https:\/\/accessibilite.numerique.gouv.fr\/\" target=\"_blank\" rel=\"noopener\">RGAA 4.1.2<\/a> y la norma europea <a href=\"https:\/\/www.etsi.org\/deliver\/etsi_en\/301500_301599\/301549\/03.02.01_60\/en_301549v030201p.pdf\" target=\"_blank\" rel=\"noopener\">EN 301 549<\/a>.<\/p>\n<p>Para ello, el Grupo JJA est\u00e1 aplicando la siguiente estrategia y acciones:<\/p>\n<ul>\n<li><u>Plan plurianual 2025-2027<\/u>\u00a0<\/li>\n<\/ul>\n<h2>Estado de cumplimiento<\/h2>\n<p>El sitio web: www.groupe-jja.com presenta un \u00edndice de accesibilidad de 57,58%, por lo que cumple parcialmente las pautas generales de accesibilidad (RGAA 4.1.2).<\/p>\n<h2>Resultados de las pruebas<\/h2>\n<p>La auditor\u00eda de conformidad realizada el 16\/03\/2026 por <a href=\"https:\/\/www.accessiway.fr\/\" target=\"_blank\" rel=\"noopener\">AccessiWay<\/a> revela que se cumplen 57,58% de los criterios de la versi\u00f3n 4.1.2 del RGAA.<\/p>\n<p>Detalles de los resultados:<\/p>\n<ul>\n<li>N\u00famero de criterios cumplidos: 38<\/li>\n<li>N\u00famero de criterios no conformes: 28<\/li>\n<li>N\u00famero de criterios no aplicables: 40<\/li>\n<\/ul>\n<h2>Contenido no accesible<\/h2>\n<p>Los contenidos enumerados a continuaci\u00f3n no son accesibles por las siguientes razones.<\/p>\n<h3>Incumplimiento<\/h3>\n<ul>\n<li>1 - Cada imagen que proporciona informaci\u00f3n tiene una alternativa textual: Algunos contenidos no textuales presentados al usuario no tienen una alternativa textual equivalente que sirva para el mismo prop\u00f3sito;<\/li>\n<li>2 - Las tecnolog\u00edas de asistencia ignoran correctamente cada imagen decorativa: Algunas im\u00e1genes decorativas no son ignoradas por las tecnolog\u00edas de asistencia.<\/li>\n<li>3 - Para cada imagen portadora de informaci\u00f3n con una alternativa de texto, \u00bfes pertinente esta alternativa (excluyendo casos especiales)?: Algunas alternativas de texto asociadas a im\u00e1genes portadoras de informaci\u00f3n no son pertinentes.<\/li>\n<li>1 - En todas las p\u00e1ginas web, la informaci\u00f3n no debe transmitirse \u00fanicamente mediante colores. \u00bfSe respeta esta norma?: En algunas p\u00e1ginas web, la informaci\u00f3n se proporciona \u00fanicamente mediante colores.<\/li>\n<li>2 - En cada p\u00e1gina web, \u00bfes el contraste entre el color del texto y el de su fondo suficientemente alto (excluyendo casos especiales)?: El contraste entre el texto y su fondo es insuficiente en algunas p\u00e1ginas web.<\/li>\n<li>3 - En cada p\u00e1gina web, \u00bfson suficientemente contrastados los colores utilizados en los componentes de la interfaz o en los elementos gr\u00e1ficos portadores de informaci\u00f3n (excluidos casos especiales)?: Los colores utilizados en determinados componentes de la interfaz o elementos gr\u00e1ficos portadores de informaci\u00f3n no son suficientemente contrastados.<\/li>\n<li>1 - En caso necesario, \u00bfdispone cada medio pregrabado de transcripci\u00f3n de texto o descripci\u00f3n de audio (excluidos casos especiales)?: Algunos medios pregrabados no disponen de transcripci\u00f3n de texto o descripci\u00f3n de audio cuando ello es necesario.<\/li>\n<li>5 - En caso necesario, \u00bfdispone cada medio de v\u00eddeo time-lapse pregrabado de una descripci\u00f3n sonora sincronizada (excluidos los casos especiales)?: Algunos medios de v\u00eddeo time-lapse pregrabados no disponen de una descripci\u00f3n sonora sincronizada en caso necesario.<\/li>\n<li>1 - Todos los enlaces son expl\u00edcitos (excepto en casos especiales): Algunos enlaces no son expl\u00edcitos en cuanto a su prop\u00f3sito o funci\u00f3n.<\/li>\n<li>2 - \u00bfTienen t\u00edtulo todos los enlaces de la p\u00e1gina?: Algunos enlaces de la p\u00e1gina no tienen t\u00edtulo.<\/li>\n<li>1 - \u00bfEs compatible cada script, en caso necesario, con las tecnolog\u00edas de asistencia?: Algunos scripts no son compatibles con las tecnolog\u00edas de asistencia en caso necesario.<\/li>\n<li>3 - Cada gui\u00f3n puede controlarse mediante el teclado y cualquier dispositivo se\u00f1alador (salvo en casos especiales): Algunos guiones no pueden controlarse mediante el teclado ni ning\u00fan dispositivo se\u00f1alador.<\/li>\n<li>5 - En cada p\u00e1gina web, \u00bfson los mensajes de estado correctamente representados por las tecnolog\u00edas de asistencia: Algunos mensajes de estado no son correctamente representados por las tecnolog\u00edas de asistencia.<\/li>\n<li>9 - En cada p\u00e1gina web, las etiquetas no deben utilizarse \u00fanicamente con fines de presentaci\u00f3n. \u00bfSe respeta esta norma?: Algunas etiquetas se utilizan \u00fanicamente con fines de presentaci\u00f3n.<\/li>\n<li>1 - En cada p\u00e1gina web, \u00bfest\u00e1 la informaci\u00f3n estructurada mediante el uso adecuado de encabezados?: La informaci\u00f3n no est\u00e1 correctamente estructurada mediante el uso adecuado de encabezados en algunas p\u00e1ginas.<\/li>\n<li>2 - \u00bfEs coherente la estructura de cada p\u00e1gina web (excluyendo casos especiales)?: La estructura de algunas p\u00e1ginas web no es coherente.<\/li>\n<li>3 - Todas las listas de todas las p\u00e1ginas web est\u00e1n correctamente estructuradas: Algunas listas de las p\u00e1ginas web no est\u00e1n correctamente estructuradas.<\/li>\n<li>4 - En cada p\u00e1gina web, \u00bfse indican correctamente todas las citas?: Algunas citas no se indican correctamente.<\/li>\n<li>4 - En cada p\u00e1gina web, \u00bfsigue siendo legible el texto cuando se aumenta el tama\u00f1o de la fuente al menos a 200% (excluyendo casos especiales): El texto no es legible en algunas p\u00e1ginas cuando se aumenta el tama\u00f1o de la fuente a 200 % o m\u00e1s.<\/li>\n<li>7 - En cada p\u00e1gina web, para cada elemento que recibe foco, \u00bfes visible el punto de foco?: El punto de foco no es visible en algunos elementos que reciben foco.<\/li>\n<li>11 - Para cada p\u00e1gina web, \u00bfpuede presentarse el contenido sin tener que desplazarse verticalmente para una ventana con una altura de 256px u horizontalmente para una ventana con una anchura de 320px (excluyendo casos especiales)? 2 - Algunos contenidos requieren un desplazamiento vertical u horizontal excesivo para ser visualizados.<\/li>\n<li>13 - En cada p\u00e1gina web, \u00bfpuede el usuario controlar el contenido adicional que aparece cuando se establece el foco o cuando se pasa el rat\u00f3n por encima de un componente de la interfaz (excluyendo casos especiales)?: El usuario no puede controlar algunos contenidos adicionales que aparecen cuando se establece el foco o cuando se pasa el rat\u00f3n por encima de un componente de la interfaz.<\/li>\n<li>1 - Cada campo de formulario tiene una etiqueta: Algunos campos de formulario no tienen etiqueta.<\/li>\n<li>10 - En cada formulario, \u00bfse utiliza adecuadamente el control de entrada (excluyendo casos especiales): Algunos controles de entrada no se utilizan adecuadamente.<\/li>\n<li>13 - \u00bfPuede deducirse la finalidad de un campo de entrada para facilitar la cumplimentaci\u00f3n autom\u00e1tica de campos con datos del usuario?: No puede deducirse la finalidad de determinados campos de entrada para facilitar la cumplimentaci\u00f3n autom\u00e1tica de campos con datos del usuario.<\/li>\n<li>7 - \u00bfExiste un enlace de omisi\u00f3n o de acceso r\u00e1pido al \u00e1rea de contenido principal en todas las p\u00e1ginas web (excepto en casos especiales)?: Algunas p\u00e1ginas no tienen un enlace de omisi\u00f3n o de acceso r\u00e1pido al \u00e1rea de contenido principal.<\/li>\n<li>8 - En cada p\u00e1gina web, \u00bfes coherente el orden de las pesta\u00f1as?: El orden de las pesta\u00f1as no es coherente en algunas p\u00e1ginas.<\/li>\n<li>8 - \u00bfPuede el usuario controlar todos los contenidos m\u00f3viles o parpadeantes de cada p\u00e1gina web? Algunos contenidos m\u00f3viles o parpadeantes no pueden ser controlados por el usuario.<\/li>\n<\/ul>\n<p>\u00a0<\/p>\n<p>\u00a0<\/p>\n<h3>Exenciones por carga desproporcionada<\/h3>\n<p>Ning\u00fan contenido que mencionar<\/p>\n<h3>Contenidos no sujetos a la obligaci\u00f3n de accesibilidad<\/h3>\n<p>Ning\u00fan contenido que mencionar<\/p>\n<h3>Elaborar esta declaraci\u00f3n de accesibilidad<\/h3>\n<p>Esta declaraci\u00f3n se redact\u00f3 el 16\/03\/2026.<\/p>\n<h3>Tecnolog\u00edas utilizadas para crear el sitio<\/h3>\n<ul>\n<li>HTML5<\/li>\n<li>CSS<\/li>\n<li>Javascript<\/li>\n<\/ul>\n<h3>Entorno de prueba<\/h3>\n<h4>Sistemas operativos<\/h4>\n<p>En las \u00faltimas versiones disponibles :<\/p>\n<ul>\n<li>Mac OS de Apple<\/li>\n<li>Microsoft Windows<\/li>\n<li>Apple iOS<\/li>\n<li>Google Android<\/li>\n<\/ul>\n<h4>Navegadores y software<\/h4>\n<p>En las \u00faltimas versiones disponibles en los distintos sistemas operativos :<\/p>\n<ul>\n<li>Google Chrome<\/li>\n<li>Windows Edge<\/li>\n<li>Safari<\/li>\n<li>Valiente<\/li>\n<li>Adobe Acrobat Reader \/ Vista previa en Mac (s\u00f3lo para PDF)<\/li>\n<\/ul>\n<h3>Herramientas para evaluar la accesibilidad<\/h3>\n<ul>\n<li>Emulaciones de rat\u00f3n, lupa y teclado en la pantalla de distintos sistemas.<\/li>\n<li>Voz en off (s\u00f3lo sistemas Apple)<\/li>\n<li>Talkback (s\u00f3lo Android)<\/li>\n<li>NVDA 2025 y Freedom scientific Jaws 2022 (s\u00f3lo sistemas PC)<\/li>\n<li>Tanaguru webext RGAA4<\/li>\n<li>Asistente RGAA<\/li>\n<li>Herramientas de evaluaci\u00f3n gr\u00e1fica de los distintos sistemas (colores, contrastes, subt\u00edtulos, etc.)<\/li>\n<\/ul>\n<h3>Comprobaci\u00f3n de la conformidad de las p\u00e1ginas web<\/h3>\n<p>\u00a0<\/p>\n<ul>\n<li>Inicio<\/li>\n<li>Contacto<\/li>\n<li>Informaci\u00f3n jur\u00eddica<\/li>\n<li>Accesibilidad<\/li>\n<li>Mapa del sitio<\/li>\n<li>Resultados de la b\u00fasqueda<\/li>\n<li>Nuestras marcas<\/li>\n<li>Nuestras noticias<\/li>\n<\/ul>\n<h2>Comentarios y contacto<\/h2>\n<p>Si no puede acceder a alg\u00fan contenido o servicio, puede ponerse en contacto con el Responsable de Accesibilidad en <strong>Grupo JJA<\/strong> <em>[<a href=\"https:\/\/www.groupe-jja.com\/es\/contacto\/\">https:\/\/www.groupe-jja.com\/contact\/<\/a>]<\/em> ser dirigido a una alternativa accesible u obtener el contenido de otra forma.<\/p>\n<h2>V\u00edas de recurso<\/h2>\n<p>Si observa una falta de accesibilidad que le impide acceder a un contenido o a una funci\u00f3n del sitio y nos lo ha notificado y no ha conseguido obtener una respuesta por nuestra parte, tiene derecho a enviar sus quejas o una solicitud de remisi\u00f3n al Defensor de los Derechos.<\/p>\n<p>Hay varias formas de hacerlo:<\/p>\n<ul>\n<li>Escriba un mensaje a <a href=\"https:\/\/formulaire.defenseurdesdroits.fr\/\" target=\"_blank\" rel=\"noopener\">Defensor del Pueblo\u00a0<\/a><\/li>\n<li>P\u00f3ngase en contacto con el <a href=\"https:\/\/www.defenseurdesdroits.fr\/saisir\/delegues\" target=\"_blank\" rel=\"noopener\">Defensor de los derechos en su regi\u00f3n\u00a0<\/a><\/li>\n<li>Env\u00ede una carta (gratis, sin sellos) :<\/li>\n<\/ul>\n<p>Defensor del Pueblo<\/p>\n<p>Respuesta libre 71120<\/p>\n<p>75342 Par\u00eds CEDEX 07<\/p>\n<p>Francia<\/p>\t\t\t\t\t\t\t\t<\/div>\n\t\t\t\t<\/div>\n\t\t\t\t<\/div>\n\t\t\t\t<\/div>","protected":false},"excerpt":{"rendered":"<p>D\u00e9claration d\u2019accessibilit\u00e9 Cette d\u00e9claration a \u00e9t\u00e9 r\u00e9dig\u00e9e le 16\/03\/2026 pour le site www.groupe-jja.com. Elle est valide d\u00e8s sa publication, doit \u00eatre actualis\u00e9e apr\u00e8s 3 ans, \u00e0 la suite de modifications majeures du site, ou 18 mois apr\u00e8s une nouvelle version du r\u00e9f\u00e9rentiel. \u00a0 Groupe JJA s\u2019engage Groupe JJA s\u2019engage \u00e0 rendre ses sites internet, applications [&hellip;]<\/p>","protected":false},"author":7,"featured_media":0,"parent":0,"menu_order":0,"comment_status":"closed","ping_status":"closed","template":"elementor_header_footer","meta":{"_acf_changed":false,"footnotes":""},"class_list":["post-13173","page","type-page","status-publish","hentry"],"acf":[],"_links":{"self":[{"href":"https:\/\/www.groupe-jja.com\/es\/wp-json\/wp\/v2\/pages\/13173","targetHints":{"allow":["GET"]}}],"collection":[{"href":"https:\/\/www.groupe-jja.com\/es\/wp-json\/wp\/v2\/pages"}],"about":[{"href":"https:\/\/www.groupe-jja.com\/es\/wp-json\/wp\/v2\/types\/page"}],"author":[{"embeddable":true,"href":"https:\/\/www.groupe-jja.com\/es\/wp-json\/wp\/v2\/users\/7"}],"replies":[{"embeddable":true,"href":"https:\/\/www.groupe-jja.com\/es\/wp-json\/wp\/v2\/comments?post=13173"}],"version-history":[{"count":18,"href":"https:\/\/www.groupe-jja.com\/es\/wp-json\/wp\/v2\/pages\/13173\/revisions"}],"predecessor-version":[{"id":13471,"href":"https:\/\/www.groupe-jja.com\/es\/wp-json\/wp\/v2\/pages\/13173\/revisions\/13471"}],"wp:attachment":[{"href":"https:\/\/www.groupe-jja.com\/es\/wp-json\/wp\/v2\/media?parent=13173"}],"curies":[{"name":"wp","href":"https:\/\/api.w.org\/{rel}","templated":true}]}}