{"id":12008,"date":"2025-11-18T19:27:49","date_gmt":"2025-11-18T18:27:49","guid":{"rendered":"https:\/\/www.groupe-jja.com\/?page_id=12008"},"modified":"2025-11-18T19:28:56","modified_gmt":"2025-11-18T18:28:56","slug":"mapa-del-sitio-inicio-belleza","status":"publish","type":"page","link":"https:\/\/www.groupe-jja.com\/es\/mapa-del-sitio-inicio-belleza\/","title":{"rendered":"Mapa del sitio Inicio Belleza"},"content":{"rendered":"<div data-elementor-type=\"wp-page\" data-elementor-id=\"12008\" class=\"elementor elementor-12008\">\n\t\t\t\t<div class=\"elementor-element elementor-element-c0f4253 container-space container-space-no-space container-margin-space  container-margin-space-default background-default e-flex e-con-boxed e-con e-parent\" data-id=\"c0f4253\" data-element_type=\"container\">\n\t\t\t\t\t<div class=\"e-con-inner\">\n\t\t\t\t<div class=\"elementor-element elementor-element-81f4d67 elementor-widget elementor-widget-shortcode\" data-id=\"81f4d67\" data-element_type=\"widget\" data-widget_type=\"shortcode.default\">\n\t\t\t\t<div class=\"elementor-widget-container\">\n\t\t\t\t\t\t\t<div class=\"elementor-shortcode\"><div class=\"sitemap-home-beauty\"><ul><li><a href=\"https:\/\/www.groupe-jja.com\/es\/home-beauty\/\">Belleza del hogar<\/a><\/li><li><a href=\"https:\/\/www.groupe-jja.com\/es\/home-beauty\/consejos-de-los-profesionales\/\">Consejos de los profesionales<\/a><ul><li><a href=\"https:\/\/www.groupe-jja.com\/es\/home-beauty\/consejos-de-los-profesionales\/5-pasos-para-decorar-con-exito-el-arbol-de-navidad\/\">5 pasos para decorar el \u00e1rbol de Navidad con \u00e9xito<\/a><\/li><li><a href=\"https:\/\/www.groupe-jja.com\/es\/home-beauty\/consejos-de-los-profesionales\/terraza_4_saisons\/\">Dise\u00f1e su terraza para disfrutarla todo el a\u00f1o<\/a><\/li><li><a href=\"https:\/\/www.groupe-jja.com\/es\/home-beauty\/consejos-de-los-profesionales\/confort-y-armonia-para-su-dormitorio\/\">Elegir la ropa de cama adecuada, combinando comodidad, estilo y armon\u00eda<\/a><\/li><li><a href=\"https:\/\/www.groupe-jja.com\/es\/home-beauty\/consejos-de-los-profesionales\/decorar-el-presupuesto-o-invertir-o-ahorrar\/\">Presupuesto para decoraci\u00f3n: \u00bfd\u00f3nde invertir y d\u00f3nde ahorrar?<\/a><\/li><li><a href=\"https:\/\/www.groupe-jja.com\/es\/home-beauty\/consejos-de-los-profesionales\/como-elegir-su-alfombra\/\">\u00bfC\u00f3mo elijo mi alfombra?<\/a><\/li><li><a href=\"https:\/\/www.groupe-jja.com\/es\/home-beauty\/consejos-de-los-profesionales\/colores-pantone-para-crear-una-armonia-perfecta-en-su-interiorismo\/\">Color Pantone: cree una armon\u00eda perfecta en su dise\u00f1o interior<\/a><\/li><li><a href=\"https:\/\/www.groupe-jja.com\/es\/home-beauty\/consejos-de-los-profesionales\/entre-bastidores-en-la-oficina-de-diseno-atmosphera\/\">Entre bastidores en la oficina de dise\u00f1o Atmosphera<\/a><\/li><li><a href=\"https:\/\/www.groupe-jja.com\/es\/home-beauty\/consejos-de-los-profesionales\/de-estrecho-a-espacioso-creando-la-ilusion-de-profundidad\/\">De lo estrecho a lo espacioso: crear ilusi\u00f3n de profundidad<\/a><\/li><li><a href=\"https:\/\/www.groupe-jja.com\/es\/home-beauty\/consejos-de-los-profesionales\/divertidas-ideas-de-almacenaje-para-dormitorios-infantiles\/\">Soluciones de almacenaje inteligentes para un dormitorio infantil bien pensado<\/a><\/li><li><a href=\"https:\/\/www.groupe-jja.com\/es\/home-beauty\/consejos-de-los-profesionales\/disenador-y-estilista-dos-areas-de-especializacion-complementarias-para-su-interior\/\">Dise\u00f1ador y estilista: dos especialidades complementarias para realzar su interior<\/a><\/li><li><a href=\"https:\/\/www.groupe-jja.com\/es\/home-beauty\/consejos-de-los-profesionales\/del-boceto-al-producto-acabado-la-vision-de-un-disenador\/\">Del boceto al producto acabado: la visi\u00f3n de un dise\u00f1ador<\/a><\/li><li><a href=\"https:\/\/www.groupe-jja.com\/es\/home-beauty\/consejos-de-los-profesionales\/elegir-el-mobiliario-adecuado-para-sus-plantas\/\">Muebles que dejen respirar a sus plantas: mesas, estanter\u00edas, soportes, etc.<\/a><\/li><li><a href=\"https:\/\/www.groupe-jja.com\/es\/home-beauty\/consejos-de-los-profesionales\/el-retorno-del-estilo-por-que-la-decoracion-funciona-por-ciclos\/\">El retorno de los estilos: \u00bfpor qu\u00e9 la decoraci\u00f3n funciona por ciclos?<\/a><\/li><li><a href=\"https:\/\/www.groupe-jja.com\/es\/home-beauty\/consejos-de-los-profesionales\/el-rojo-no-puede-faltar-en-las-fiestas-de-fin-de-ano\/\">El rojo, imprescindible para las fiestas<\/a><\/li><li><a href=\"https:\/\/www.groupe-jja.com\/es\/home-beauty\/consejos-de-los-profesionales\/el-jarron-un-objeto-milenario-que-reinventa-cada-estancia\/\">El jarr\u00f3n, un objeto milenario que reinventa cada estancia<\/a><\/li><li><a href=\"https:\/\/www.groupe-jja.com\/es\/home-beauty\/consejos-de-los-profesionales\/objetos-utilitarios-cuando-lo-util-se-convierte-en-bello\/\">Objetos utilitarios: cuando lo \u00fatil se convierte en bello<\/a><\/li><li><a href=\"https:\/\/www.groupe-jja.com\/es\/home-beauty\/consejos-de-los-profesionales\/para-una-mesa-exitosa-los-elementos-indispensables-son\/\">Semana Santa: lo esencial para una mesa de \u00e9xito<\/a><\/li><li><a href=\"https:\/\/www.groupe-jja.com\/es\/home-beauty\/consejos-de-los-profesionales\/fragancias-navidenas-para-crear-un-ambiente-calido-en-casa\/\">Fragancias navide\u00f1as: crear un ambiente c\u00e1lido en casa<\/a><\/li><li><a href=\"https:\/\/www.groupe-jja.com\/es\/home-beauty\/consejos-de-los-profesionales\/pergola-bioclimatica-que-crea-un-autentico-espacio-de-vida-al-aire-libre\/\">P\u00e9rgola bioclim\u00e1tica: crear un aut\u00e9ntico espacio de vida al aire libre<\/a><\/li><li><a href=\"https:\/\/www.groupe-jja.com\/es\/home-beauty\/consejos-de-los-profesionales\/plantas-artificiales-un-toque-de-verdor-sin-mantenimiento\/\">Plantas artificiales: introduzca la vegetaci\u00f3n en su hogar sin limitaciones<\/a><\/li><li><a href=\"https:\/\/www.groupe-jja.com\/es\/home-beauty\/consejos-de-los-profesionales\/sentirse-bien-en-casa-la-importancia-de-las-proporciones\/\">Sentirse bien en casa: la importancia de las proporciones<\/a><\/li><li><a href=\"https:\/\/www.groupe-jja.com\/es\/home-beauty\/consejos-de-los-profesionales\/ideas-para-bibliotecas-y-consejos-para-poner-en-escena-sus-libros\/\">Mejore su biblioteca<\/a><\/li><li><a href=\"https:\/\/www.groupe-jja.com\/es\/home-beauty\/consejos-de-los-profesionales\/como-decorar-su-chimenea-y-realzar-su-interior\/\">Chimenea real o falsa: c\u00f3mo convertirla en un aut\u00e9ntico activo decorativo<\/a><\/li><\/ul><\/li><li><a href=\"https:\/\/www.groupe-jja.com\/es\/home-beauty\/entre-bastidores\/\">Entre bastidores<\/a><ul><li><a href=\"https:\/\/www.groupe-jja.com\/es\/home-beauty\/entre-bastidores\/entrevista-linda-kromjong-amfori\/\">\"La mayor\u00eda de los riesgos pueden gestionarse muy eficazmente si se identifican con suficiente antelaci\u00f3n\".<\/a><\/li><li><a href=\"https:\/\/www.groupe-jja.com\/es\/home-beauty\/entre-bastidores\/la-inspiracion-esta-en-todas-partes\/\">\"\u00a1La inspiraci\u00f3n est\u00e1 en todas partes!\"<\/a><\/li><li><a href=\"https:\/\/www.groupe-jja.com\/es\/home-beauty\/entre-bastidores\/nuestro-objetivo-es-ayudar-a-nuestros-clientes-a-imaginar-sus-interiores-de-una-forma-nueva\/\">\u00abNuestro objetivo es animar a nuestros consumidores a imaginar sus hogares de una forma nueva\u00bb.\u00bb<\/a><\/li><li><a href=\"https:\/\/www.groupe-jja.com\/es\/home-beauty\/entre-bastidores\/muy-pocos-dias-son-iguales-en-mi-linea-de-trabajo\/\">\"\u00a1Muy pocos d\u00edas en mi trabajo son iguales!<\/a><\/li><li><a href=\"https:\/\/www.groupe-jja.com\/es\/home-beauty\/entre-bastidores\/una-nueva-forma-de-vivir-feliz-y-responsablemente-en-casa\/\">\"Una nueva forma de vivir en casa, feliz y responsablemente\".<\/a><\/li><li><a href=\"https:\/\/www.groupe-jja.com\/es\/home-beauty\/entre-bastidores\/atmosphera-x-cha-cha-pop-una-colorida-colaboracion\/\">Atmosphera x Cha Cha Pop: el color como arte de vivir<\/a><\/li><li><a href=\"https:\/\/www.groupe-jja.com\/es\/home-beauty\/entre-bastidores\/tribuna-de-laurence-de-faveri-en-el-corazon-de-los-almacenes-hacer-del-bienestar-un-motor-de-rendimiento\/\">En el coraz\u00f3n de los almacenes: hacer del bienestar un motor de rendimiento<\/a><\/li><li><a href=\"https:\/\/www.groupe-jja.com\/es\/home-beauty\/entre-bastidores\/conoces-realmente-el-impacto-de-tu-decoracion\/\">\u00bfConoces realmente el impacto de tu decoraci\u00f3n?<\/a><\/li><li><a href=\"https:\/\/www.groupe-jja.com\/es\/home-beauty\/entre-bastidores\/hesperide-combina-innovacion-y-funcionalidad\/\">Hesp\u00e9ride: combinar innovaci\u00f3n y funcionalidad<\/a><\/li><li><a href=\"https:\/\/www.groupe-jja.com\/es\/home-beauty\/entre-bastidores\/la-vela-como-potenciador-del-estado-de-animo\/\">Velas para mejorar el humor<\/a><\/li><li><a href=\"https:\/\/www.groupe-jja.com\/es\/home-beauty\/entre-bastidores\/la-botella-aislante-jungle-tu-aliada-de-todos-los-dias\/\">La botella isot\u00e9rmica Jungle: su aliada diaria<\/a><\/li><li><a href=\"https:\/\/www.groupe-jja.com\/es\/home-beauty\/entre-bastidores\/la-silla-de-comedor-baya-moderna-y-duradera\/\">La silla de comedor \"Baya\", moderna Y sostenible<\/a><\/li><li><a href=\"https:\/\/www.groupe-jja.com\/es\/home-beauty\/entre-bastidores\/la-dsi-al-servicio-de-la-empresa-salir-de-la-camisa-de-fuerza-tecnica-para-convertirse-en-una-palanca-estrategica\/\">La inform\u00e1tica al servicio de la empresa: salir de la camisa de fuerza t\u00e9cnica para convertirse en palanca estrat\u00e9gica<\/a><\/li><li><a href=\"https:\/\/www.groupe-jja.com\/es\/home-beauty\/entre-bastidores\/la-mesa-de-jardin-evasion-cuando-el-exterior-se-convierte-en-una-estancia-mas\/\">La mesa de jard\u00edn Evasion: cuando el exterior se convierte en una habitaci\u00f3n por derecho propio<\/a><\/li><li><a href=\"https:\/\/www.groupe-jja.com\/es\/home-beauty\/entre-bastidores\/hesperide-design-del-dibujo-a-la-emocion\/\">Hesp\u00e9ride design: del dise\u00f1o a la emoci\u00f3n<\/a><\/li><li><a href=\"https:\/\/www.groupe-jja.com\/es\/home-beauty\/entre-bastidores\/el-motivo-como-patio-de-recreo\/\">El motivo como patio de recreo<\/a><\/li><li><a href=\"https:\/\/www.groupe-jja.com\/es\/home-beauty\/entre-bastidores\/gestion-de-la-calidad-a-gran-escala-de-las-normas-comunes-a-la-sostenibilidad-integrada\/\">\u00bfDominar la calidad a gran escala: de lo com\u00fan a la durabilidad integrada?<\/a><\/li><li><a href=\"https:\/\/www.groupe-jja.com\/es\/home-beauty\/vivir-de-otra-manera\/producir-en-china-la-realidad-tras-la-sabiduria-convencional\/\">Fabricar en China: la realidad detr\u00e1s de los mitos\u00a0<\/a><\/li><li><a href=\"https:\/\/www.groupe-jja.com\/es\/home-beauty\/entre-bastidores\/muebles-de-exterior-disenados-para-durar\/\">Muebles de exterior dise\u00f1ados para durar<\/a><\/li><\/ul><\/li><li><a href=\"https:\/\/www.groupe-jja.com\/es\/home-beauty\/vivir-de-otra-manera\/\">Vivir de otra manera<\/a><ul><li><a href=\"https:\/\/www.groupe-jja.com\/es\/home-beauty\/vivir-de-otra-manera\/no-dude-en-cambiar-regularmente-la-distribucion-y-la-decoracion-de-su-casa-para-adaptarlas-a-sus-necesidades\/\">\u00abNo debemos dudar en escucharnos a nosotros mismos y hacer cambios peri\u00f3dicos en la distribuci\u00f3n y decoraci\u00f3n de nuestra casa, en funci\u00f3n de nuestras necesidades\u00bb.\u00bb<\/a><\/li><li><a href=\"https:\/\/www.groupe-jja.com\/es\/home-beauty\/vivir-de-otra-manera\/el-lugar-de-la-cama-es-realmente-esencial-para-un-sueno-reparador\/\">\u00abEl espacio en la cama es esencial para dormir bien.\u00bb<\/a><\/li><li><a href=\"https:\/\/www.groupe-jja.com\/es\/home-beauty\/vivir-de-otra-manera\/el-jardin-se-ha-convertido-en-un-verdadero-espacio-de-vida-y-expresion\/\">\"El jard\u00edn se ha convertido en un verdadero espacio de vida y expresi\u00f3n\".<\/a><\/li><li><a href=\"https:\/\/www.groupe-jja.com\/es\/home-beauty\/vivir-de-otra-manera\/entrevista-laurent-debas-planete-mer\/\">\"Toda actividad humana tiene un impacto en los oc\u00e9anos\".<\/a><\/li><li><a href=\"https:\/\/www.groupe-jja.com\/es\/home-beauty\/vivir-de-otra-manera\/el-deco-sostenible-impacto-cero-no-existe-pero-la-accion-si\/\">Decoraci\u00f3n sostenible: el impacto cero no existe, pero la acci\u00f3n s\u00ed<\/a><\/li><li><a href=\"https:\/\/www.groupe-jja.com\/es\/home-beauty\/vivir-de-otra-manera\/decoracion-navidena-eco-socialmente-responsable-el-arte-de-celebrar-de-forma-diferente\/\">Decoraciones navide\u00f1as ecorresponsables: el arte de celebrar de otra manera<\/a><\/li><li><a href=\"https:\/\/www.groupe-jja.com\/es\/home-beauty\/vivir-de-otra-manera\/sostenibilidad-cuando-las-exigencias-medioambientales-redefinen-nuestra-relacion-con-el-mobiliario\/\">Sostenibilidad: cuando las exigencias medioambientales redefinen nuestra relaci\u00f3n con el mobiliario<\/a><\/li><li><a href=\"https:\/\/www.groupe-jja.com\/es\/home-beauty\/vivir-de-otra-manera\/belleza-domestica-replantearse-la-forma-de-vivir\/\">Home Beauty: repensar nuestra forma de vivir<\/a><\/li><li><a href=\"https:\/\/www.groupe-jja.com\/es\/home-beauty\/vivir-de-otra-manera\/la-vivienda-puesta-a-prueba-por-el-teletrabajo-cuando-el-hogar-redefine-sus-funciones\/\">El hogar y el teletrabajo: cuando el hogar redefine sus funciones<\/a><\/li><li><a href=\"https:\/\/www.groupe-jja.com\/es\/home-beauty\/vivir-de-otra-manera\/vida-lenta-y-desaceleracion\/\">Slow living: \u00bfpor qu\u00e9 no ir m\u00e1s despacio?<\/a><\/li><li><a href=\"https:\/\/www.groupe-jja.com\/es\/home-beauty\/vivir-de-otra-manera\/etiquetas-sostenibles-su-guia-para-interiores-responsables\/\">Etiquetas sostenibles: gu\u00eda de interiores responsables<\/a><\/li><li><a href=\"https:\/\/www.groupe-jja.com\/es\/home-beauty\/vivir-de-otra-manera\/producir-en-china-la-realidad-tras-la-sabiduria-convencional\/\">Fabricar en China: la realidad detr\u00e1s de los mitos\u00a0<\/a><\/li><\/ul><\/li><li><a href=\"https:\/\/www.groupe-jja.com\/es\/home-beauty\/historias-de\/\">Historia(s) de...<\/a><ul><li><a href=\"https:\/\/www.groupe-jja.com\/es\/home-beauty\/historias-de\/calida-madera-maciza-duradera-esencial-para-nuestros-interiores\/\">C\u00e1lida, s\u00f3lida, duradera: la madera es esencial en nuestros interiores<\/a><\/li><li><a href=\"https:\/\/www.groupe-jja.com\/es\/home-beauty\/historias-de\/como-el-arbol-de-navidad-se-convirtio-en-la-estrella-de-las-fiestas\/\">\u00bfC\u00f3mo se convirti\u00f3 el \u00e1rbol de Navidad en la estrella de las fiestas?<\/a><\/li><li><a href=\"https:\/\/www.groupe-jja.com\/es\/home-beauty\/historias-de\/iluminacion-exterior-la-suave-magia-del-atardecer\/\">Iluminaci\u00f3n exterior: crear un ambiente c\u00e1lido respetando la biodiversidad\u00a0<\/a><\/li><li><a href=\"https:\/\/www.groupe-jja.com\/es\/home-beauty\/historias-de\/lart-du-tressage-quand-la-vannerie-habille-nos-maisons\/\">El arte de tejer: cuando la cester\u00eda adorna nuestros hogares<\/a><\/li><li><a href=\"https:\/\/www.groupe-jja.com\/es\/home-beauty\/historias-de\/revestimiento-de-pared-sin-complejos-la-apuesta-exitosa-de-los-vinilos-decorativos\/\">El revestimiento mural sin complejos: la apuesta exitosa del vinilo decorativo<\/a><\/li><li><a href=\"https:\/\/www.groupe-jja.com\/es\/home-beauty\/historias-de\/dacacia-wood-calidez-natural-y-diseno-sostenible-para-la-vida-cotidiana\/\">Acacia calienta tu d\u00eda a d\u00eda<\/a><\/li><li><a href=\"https:\/\/www.groupe-jja.com\/es\/home-beauty\/historias-de\/el-arte-de-poner-una-mesa-armoniosa\/\">El arte de poner la mesa: armon\u00eda y atenci\u00f3n al detalle<\/a><\/li><li><a href=\"https:\/\/www.groupe-jja.com\/es\/home-beauty\/historias-de\/la-paleta-emocional-para-su-hogar\/\">La paleta emocional de su hogar<\/a><\/li><li><a href=\"https:\/\/www.groupe-jja.com\/es\/home-beauty\/historias-de\/lino-la-fibra-sostenible-y-de-moda-para-una-decoracion-de-exito\/\">Lino: la fibra sostenible y de moda para decorar con \u00e9xito<\/a><\/li><li><a href=\"https:\/\/www.groupe-jja.com\/es\/home-beauty\/historias-de\/terciopelo-el-material-que-realza-el-hogar-esta-navidad\/\">Terciopelo: el material que trae la Navidad a casa<\/a><\/li><li><a href=\"https:\/\/www.groupe-jja.com\/es\/home-beauty\/historias-de\/cuando-las-flores-reencantan-la-decoracion-de-interiores\/\">Cuando las flores reencantan la decoraci\u00f3n de interiores<\/a><\/li><li><a href=\"https:\/\/www.groupe-jja.com\/es\/home-beauty\/historias-de\/transparente-luminoso-atemporal-cuando-el-vidrio-ocupa-su-lugar-en-nuestros-interiores\/\">Transparente, luminoso, intemporal: cuando el vidrio ocupa su lugar en nuestros interiores<\/a><\/li><li><a href=\"https:\/\/www.groupe-jja.com\/es\/home-beauty\/historias-de\/una-firma-olfativa-para-la-belleza-del-hogar\/\">Una firma olfativa para la belleza del hogar<\/a><\/li><\/ul><\/li><li><a href=\"https:\/\/www.groupe-jja.com\/es\/home-beauty\/podcasts\/\">Podcasts<\/a><ul><li><a href=\"https:\/\/www.groupe-jja.com\/es\/home-beauty\/podcasts\/jean-philippe-cordina-director-creativo-de-saguez-partners\/\">\u00a0Jean-Philippe Cordina, Director Creativo de Saguez &amp; Partners<\/a><\/li><li><a href=\"https:\/\/www.groupe-jja.com\/es\/home-beauty\/podcasts\/un-tejado-dos-generaciones\/\">\u00a0Un techo, dos generaciones<\/a><\/li><li><a href=\"https:\/\/www.groupe-jja.com\/es\/home-beauty\/podcasts\/el-podcast-de-jja-con-edouard-goga\/\">Edouard Goga, arquitecto y dise\u00f1ador de interiores<\/a><\/li><li><a href=\"https:\/\/www.groupe-jja.com\/es\/home-beauty\/podcasts\/elodie-boulard-organizadora-del-hogar-y-fundadora-de-la-fee-du-tri\/\">Elodie Boulard, organizadora y fundadora de La F\u00e9e du Tri<\/a><\/li><li><a href=\"https:\/\/www.groupe-jja.com\/es\/home-beauty\/podcasts\/gaetane-grange-knopp-disenadora-despaces-coach-y-somato-psicopedagoga\/\">Ga\u00ebtane Grange-Knopp, dise\u00f1adora de espacios, coach y somato-psicopedagoga<\/a><\/li><li><a href=\"https:\/\/www.groupe-jja.com\/es\/home-beauty\/podcasts\/jean-bernard-piat-profesor-de-ingles-jubilado\/\">Jean-Bernard Piat, profesor de ingl\u00e9s jubilado<\/a><\/li><li><a href=\"https:\/\/www.groupe-jja.com\/es\/home-beauty\/podcasts\/marion-fontenille-periodista\/\">Marion Fontenille, periodista<\/a><\/li><li><a href=\"https:\/\/www.groupe-jja.com\/es\/home-beauty\/podcasts\/el-podcast-de-jja-con-matali-crasset\/\">matali crasset, dise\u00f1ador industrial<\/a><\/li><li><a href=\"https:\/\/www.groupe-jja.com\/es\/home-beauty\/podcasts\/terrazas-y-balcones-al-aire-libre-pero-en-casa\/\">Thierry Halgand, paisajista, fundador de Balcoon<\/a><\/li><li><a href=\"https:\/\/www.groupe-jja.com\/es\/home-beauty\/podcasts\/el-podcast-de-jja-con-victoire-finaz\/\">Victoire Finaz, choc\u00f3loga<\/a><\/li><li><a href=\"https:\/\/www.groupe-jja.com\/es\/home-beauty\/podcasts\/crear-la-magia-de-la-navidad-en-casa\/\">Virginie Kerisel, escen\u00f3grafa<\/a><\/li><\/ul><\/li><\/ul><\/div><\/div>\n\t\t\t\t\t\t<\/div>\n\t\t\t\t<\/div>\n\t\t\t\t\t<\/div>\n\t\t\t\t<\/div>\n\t\t\t\t<\/div>","protected":false},"excerpt":{"rendered":"","protected":false},"author":1,"featured_media":0,"parent":0,"menu_order":0,"comment_status":"closed","ping_status":"closed","template":"page-homebeauty.php","meta":{"_acf_changed":false,"footnotes":""},"class_list":["post-12008","page","type-page","status-publish","hentry"],"acf":[],"_links":{"self":[{"href":"https:\/\/www.groupe-jja.com\/es\/wp-json\/wp\/v2\/pages\/12008","targetHints":{"allow":["GET"]}}],"collection":[{"href":"https:\/\/www.groupe-jja.com\/es\/wp-json\/wp\/v2\/pages"}],"about":[{"href":"https:\/\/www.groupe-jja.com\/es\/wp-json\/wp\/v2\/types\/page"}],"author":[{"embeddable":true,"href":"https:\/\/www.groupe-jja.com\/es\/wp-json\/wp\/v2\/users\/1"}],"replies":[{"embeddable":true,"href":"https:\/\/www.groupe-jja.com\/es\/wp-json\/wp\/v2\/comments?post=12008"}],"version-history":[{"count":13,"href":"https:\/\/www.groupe-jja.com\/es\/wp-json\/wp\/v2\/pages\/12008\/revisions"}],"predecessor-version":[{"id":12021,"href":"https:\/\/www.groupe-jja.com\/es\/wp-json\/wp\/v2\/pages\/12008\/revisions\/12021"}],"wp:attachment":[{"href":"https:\/\/www.groupe-jja.com\/es\/wp-json\/wp\/v2\/media?parent=12008"}],"curies":[{"name":"wp","href":"https:\/\/api.w.org\/{rel}","templated":true}]}}