{"id":13173,"date":"2026-02-19T10:59:13","date_gmt":"2026-02-19T09:59:13","guid":{"rendered":"https:\/\/www.groupe-jja.com\/?page_id=13173"},"modified":"2026-03-19T23:09:21","modified_gmt":"2026-03-19T22:09:21","slug":"declaration_accessibility","status":"publish","type":"page","link":"https:\/\/www.groupe-jja.com\/en\/declaration_accessibility\/","title":{"rendered":"Accessibility: Partially compliant"},"content":{"rendered":"<div data-elementor-type=\"wp-page\" data-elementor-id=\"13173\" class=\"elementor elementor-13173\">\n\t\t\t\t<div class=\"elementor-element elementor-element-2434bfc container-style-centered-container e-con-full container-space container-space-bottom container-margin-space  container-margin-space-default background-default e-flex e-con e-parent\" data-id=\"2434bfc\" data-element_type=\"container\">\n\t\t\t\t<div class=\"elementor-element elementor-element-8fb6e5b elementor-widget elementor-widget-text-editor\" data-id=\"8fb6e5b\" data-element_type=\"widget\" data-widget_type=\"text-editor.default\">\n\t\t\t\t<div class=\"elementor-widget-container\">\n\t\t\t\t\t\t\t\t\t<h1>Accessibility declaration<\/h1>\n<p>This declaration was written on 16\/03\/2026 for the site <a href=\"https:\/\/www.groupe-jja.com\/en\/\">www.groupe-jja.com.<\/a><\/p>\n<p>It is valid as soon as it is published, and must be updated after 3 years, following major modifications to the site, or 18 months after a new version of the standard.<\/p>\n<p>\u00a0<\/p>\n<h2>Groupe JJA is committed<\/h2>\n<p>Groupe JJA undertakes to make its Internet sites, mobile applications, intranet, extranet and software packages accessible in accordance with article 47 of law no. 2005-102 of February 11, 2005.<\/p>\n<p>We value inclusion and diversity, and we make sure that our website : <a href=\"https:\/\/www.groupe-jja.com\/en\/\">www.groupe-jja.com<\/a> is accessible to all, including the disabled.<\/p>\n<p>As part of this digital accessibility initiative, we are working with <a href=\"https:\/\/www.accessiway.fr\/\" target=\"_blank\" rel=\"noopener\">Accessiway<\/a>.<\/p>\n<p>We are firmly committed to a web for all. As part of our long-term, responsible vision, we aim to fully comply with regulatory requirements, in particular the <a href=\"https:\/\/accessibilite.numerique.gouv.fr\/\" target=\"_blank\" rel=\"noopener\">RGAA 4.1.2<\/a> and the European standard <a href=\"https:\/\/www.etsi.org\/deliver\/etsi_en\/301500_301599\/301549\/03.02.01_60\/en_301549v030201p.pdf\" target=\"_blank\" rel=\"noopener\">EN 301 549<\/a>.<\/p>\n<p>To this end, Groupe JJA implements the following strategy and actions:<\/p>\n<ul>\n<li><u>Multi-year plan 2025-2027<\/u>\u00a0<\/li>\n<\/ul>\n<h2>Compliance status<\/h2>\n<p>The website: www.groupe-jja.com has an accessibility rate of 57.58% and is therefore partially compliant with the RGAA 4.1.2.<\/p>\n<h2>Test results<\/h2>\n<p>The compliance audit carried out on 16\/03\/2026 by <a href=\"https:\/\/www.accessiway.fr\/\" target=\"_blank\" rel=\"noopener\">AccessiWay<\/a> reveals that 57.58% of RGAA version 4.1.2 criteria are met.<\/p>\n<p>Results details :<\/p>\n<ul>\n<li>Number of compliant criteria: 38<\/li>\n<li>Number of non-compliant criteria: 28<\/li>\n<li>Number of non-applicable criteria: 40<\/li>\n<\/ul>\n<h2>Content not accessible<\/h2>\n<p>The content listed below is not available for the following reasons.<\/p>\n<h3>Non-compliance<\/h3>\n<ul>\n<li>1 - Does every image carrying information have a textual alternative?: Some non-textual content presented to the user does not have an equivalent textual alternative serving the same purpose;<\/li>\n<li>2 - Are all decorative images correctly ignored by assistive technologies: Some decorative images are not ignored by assistive technologies.<\/li>\n<li>3 - For each information-bearing image with a text alternative, is this alternative relevant (excluding special cases): Some text alternatives associated with information-bearing images are not relevant.<\/li>\n<li>1 - On every web page, information doesn't have to be conveyed by color alone. Is this rule respected?: On some web pages, information is given only by color.<\/li>\n<li>2 - On each web page, is the contrast between the color of the text and the color of its background sufficiently high (excluding special cases)?: The contrast between the text and its background is insufficient on some web pages.<\/li>\n<li>3 - In each web page, are the colors used in the interface components or graphic elements carrying information sufficiently contrasting (excluding special cases)?: The colors used in certain interface components or graphic elements carrying information are not sufficiently contrasting.<\/li>\n<li>1 - Does each pre-recorded time-lapse medium have a textual transcription or audio description (except in special cases)?: Some pre-recorded media do not have a textual transcription or audio description when required.<\/li>\n<li>5 - Does each pre-recorded time-lapse medium have a synchronized audio description (except in special cases)?: Some pre-recorded time-lapse media do not have a synchronized audio description when required.<\/li>\n<li>1 - Is every link explicit (except in special cases): Some links are not explicit as to their purpose or function.<\/li>\n<li>2 - Does every link on every web page have a title?: Some links on the page don't have a title.<\/li>\n<li>1 - Is every script compatible with assistive technologies where necessary?: Some scripts are not compatible with assistive technologies where necessary.<\/li>\n<li>3 - Is each script controllable via keyboard or pointing device (except in special cases): Some scripts are not controllable via keyboard or pointing device.<\/li>\n<li>5 - On each web page, are status messages correctly rendered by assistive technologies?: Some status messages are not correctly rendered by assistive technologies.<\/li>\n<li>9 - In every web page, tags must not be used solely for presentation purposes. Is this rule respected?: Some tags are used for presentation purposes only.<\/li>\n<li>1 - On each web page, is the information structured by the appropriate use of headings?: The information is not correctly structured by the appropriate use of headings on some pages.<\/li>\n<li>2 - Is the structure of each web page coherent (excluding special cases)?: The structure of some web pages is not coherent.<\/li>\n<li>3 - Is every list on every web page properly structured: Some lists on web pages are not properly structured.<\/li>\n<li>4 - On each web page, is every quotation correctly indicated: Some quotations are not correctly indicated.<\/li>\n<li>4 - On each web page, is the text still legible when the font size is increased to at least 200% (excluding special cases): Text is not legible on some pages when the font size is increased to 200 % or more.<\/li>\n<li>7 - In each web page, for each element receiving the focus, is the focus visible?: The focus is not visible on some elements receiving the focus.<\/li>\n<li>11 - For each web page, can content be presented without having to scroll vertically for a window with a height of 256px or horizontally for a window with a width of 320px (excluding special cases)? 2 - Some content requires excessive vertical or horizontal scrolling to be viewed.<\/li>\n<li>13 - In each web page, is additional content that appears when the focus is set or when an interface component is hovered over controllable by the user (excluding special cases)?: Some additional content that appears when the focus is set or when an interface component is hovered over is not controllable by the user.<\/li>\n<li>1 - Does each form field have a label: Some form fields don't have a label.<\/li>\n<li>10 - In each form, is the input control used appropriately (excluding special cases): Some input controls are not used appropriately.<\/li>\n<li>13 - Can the purpose of an input field be inferred to facilitate automatic filling with user data?: The purpose of certain input fields cannot be inferred to facilitate automatic filling with user data.<\/li>\n<li>7 - Is there a skip link or quick access to the main content area on every web page (except in special cases)?: A skip link or quick access to the main content area is not present on some pages.<\/li>\n<li>8 - On each web page, is the tab order consistent?: The tab order is not consistent on some pages.<\/li>\n<li>8 - Is every moving or flashing content on every web page controllable by the user?: Some moving or flashing content is not controllable by the user.<\/li>\n<\/ul>\n<p>\u00a0<\/p>\n<p>\u00a0<\/p>\n<h3>Exemptions for disproportionate burden<\/h3>\n<p>No content to mention<\/p>\n<h3>Content not subject to accessibility requirements<\/h3>\n<p>No content to mention<\/p>\n<h3>Drawing up this declaration of accessibility<\/h3>\n<p>This declaration was issued on 16\/03\/2026.<\/p>\n<h3>Technologies used to create the site<\/h3>\n<ul>\n<li>HTML5<\/li>\n<li>CSS<\/li>\n<li>Javascript<\/li>\n<\/ul>\n<h3>Test environment<\/h3>\n<h4>Operating systems<\/h4>\n<p>In the latest versions available :<\/p>\n<ul>\n<li>Apple Mac Os<\/li>\n<li>Microsoft Windows<\/li>\n<li>Apple iOS<\/li>\n<li>Google Android<\/li>\n<\/ul>\n<h4>Browsers and software<\/h4>\n<p>In the latest versions available on the various operating systems :<\/p>\n<ul>\n<li>Google Chrome<\/li>\n<li>Windows Edge<\/li>\n<li>Safari<\/li>\n<li>Brave<\/li>\n<li>Adobe Acrobat Reader \/ Preview on Mac (for PDFs only)<\/li>\n<\/ul>\n<h3>Accessibility assessment tools<\/h3>\n<ul>\n<li>On-screen emulations of mice, magnifiers and keyboards on different systems.<\/li>\n<li>Voiceover (Apple systems only)<\/li>\n<li>Talkback (Android only)<\/li>\n<li>NVDA 2025 and Freedom scientific Jaws 2022 (PC systems only)<\/li>\n<li>Tanaguru webext RGAA4<\/li>\n<li>RGAA Assistant<\/li>\n<li>Graphic evaluation tools on the various systems (colors, contrasts, subtitles, etc.)<\/li>\n<\/ul>\n<h3>Site pages verified for compliance<\/h3>\n<p>\u00a0<\/p>\n<ul>\n<li>Home<\/li>\n<li>Contact<\/li>\n<li>Terms of use<\/li>\n<li>Accessibility<\/li>\n<li>Site map<\/li>\n<li>Search results<\/li>\n<li>Our brands<\/li>\n<li>Our news<\/li>\n<\/ul>\n<h2>Feedback and contact<\/h2>\n<p>If you are unable to access a content or service, you can contact the accessibility manager at <strong>JJA Group<\/strong> <em>[<a href=\"https:\/\/www.groupe-jja.com\/en\/contact\/\">https:\/\/www.groupe-jja.com\/contact\/<\/a>]<\/em> to be directed to an accessible alternative or obtain the content in another form.<\/p>\n<h2>Avenues of appeal<\/h2>\n<p>If you notice a lack of accessibility that prevents you from accessing a content or functionality of the site, and after reporting it to us you are unable to obtain a response from us, you have the right to send your complaints or a request for referral to the Rights Defender.<\/p>\n<p>There are several ways to do this:<\/p>\n<ul>\n<li>Write a message to <a href=\"https:\/\/formulaire.defenseurdesdroits.fr\/\" target=\"_blank\" rel=\"noopener\">Human rights defender\u00a0<\/a><\/li>\n<li>Contact the <a href=\"https:\/\/www.defenseurdesdroits.fr\/saisir\/delegues\" target=\"_blank\" rel=\"noopener\">Rights Defender in your area\u00a0<\/a><\/li>\n<li>Send a letter (free, do not use stamps):<\/li>\n<\/ul>\n<p>Human rights defender<\/p>\n<p>Free response 71120<\/p>\n<p>75342 Paris CEDEX 07<\/p>\n<p>France<\/p>\t\t\t\t\t\t\t\t<\/div>\n\t\t\t\t<\/div>\n\t\t\t\t<\/div>\n\t\t\t\t<\/div>","protected":false},"excerpt":{"rendered":"<p>D\u00e9claration d\u2019accessibilit\u00e9 Cette d\u00e9claration a \u00e9t\u00e9 r\u00e9dig\u00e9e le 16\/03\/2026 pour le site www.groupe-jja.com. Elle est valide d\u00e8s sa publication, doit \u00eatre actualis\u00e9e apr\u00e8s 3 ans, \u00e0 la suite de modifications majeures du site, ou 18 mois apr\u00e8s une nouvelle version du r\u00e9f\u00e9rentiel. \u00a0 Groupe JJA s\u2019engage Groupe JJA s\u2019engage \u00e0 rendre ses sites internet, applications [&hellip;]<\/p>","protected":false},"author":7,"featured_media":0,"parent":0,"menu_order":0,"comment_status":"closed","ping_status":"closed","template":"elementor_header_footer","meta":{"_acf_changed":false,"footnotes":""},"class_list":["post-13173","page","type-page","status-publish","hentry"],"acf":[],"_links":{"self":[{"href":"https:\/\/www.groupe-jja.com\/en\/wp-json\/wp\/v2\/pages\/13173","targetHints":{"allow":["GET"]}}],"collection":[{"href":"https:\/\/www.groupe-jja.com\/en\/wp-json\/wp\/v2\/pages"}],"about":[{"href":"https:\/\/www.groupe-jja.com\/en\/wp-json\/wp\/v2\/types\/page"}],"author":[{"embeddable":true,"href":"https:\/\/www.groupe-jja.com\/en\/wp-json\/wp\/v2\/users\/7"}],"replies":[{"embeddable":true,"href":"https:\/\/www.groupe-jja.com\/en\/wp-json\/wp\/v2\/comments?post=13173"}],"version-history":[{"count":18,"href":"https:\/\/www.groupe-jja.com\/en\/wp-json\/wp\/v2\/pages\/13173\/revisions"}],"predecessor-version":[{"id":13471,"href":"https:\/\/www.groupe-jja.com\/en\/wp-json\/wp\/v2\/pages\/13173\/revisions\/13471"}],"wp:attachment":[{"href":"https:\/\/www.groupe-jja.com\/en\/wp-json\/wp\/v2\/media?parent=13173"}],"curies":[{"name":"wp","href":"https:\/\/api.w.org\/{rel}","templated":true}]}}